{"id":119,"date":"2018-04-27T11:46:46","date_gmt":"2018-04-27T11:46:46","guid":{"rendered":"http:\/\/ekebodagis.fi\/?page_id=119"},"modified":"2025-09-22T19:26:05","modified_gmt":"2025-09-22T17:26:05","slug":"dagvardsavgifter","status":"publish","type":"page","link":"https:\/\/ekebodagis.fi\/?page_id=119","title":{"rendered":"Dagv\u00e5rdsavgifter | Hoitomaksut"},"content":{"rendered":"\n<h1 class=\"wp-block-heading\">Ekebo dagis<\/h1>\n\n\n\n<h1 class=\"wp-block-heading\"><strong>HOITOMAKSUT &#8211; DAGV\u00c5RDSAVGIFTER<\/strong> &nbsp;<\/h1>\n\n\n\n<hr class=\"wp-block-separator has-alpha-channel-opacity\"\/>\n\n\n\n<h2 class=\"wp-block-heading\">Varhaiskasvatus yli 30 tuntia viikossa \/ sm\u00e5barnspedagogik \u00f6ver 30 timmar i veckan<\/h2>\n\n\n\n<h3 class=\"wp-block-heading\">Kauniainen \/ Grankulla<\/h3>\n\n\n\n<figure class=\"wp-block-table is-style-stripes\"><table><thead><tr><th>Kauniainen \/ Grankulla<\/th><th><strong>Alle 3-vuotiaat \/ under 3 \u00e5r<\/strong><\/th><th><strong>3-6-vuotiaat \/ \u00e5ldrarna 3-6 \u00e5r<\/strong><\/th><\/tr><\/thead><tbody><tr><td>Kelan tuki \/ FPA st\u00f6d<\/td><td>192,28 \u20ac<\/td><td>192,28 \u20ac<\/td><\/tr><tr><td>kuntalis\u00e4 \/ kommuntill\u00e4gget<\/td><td>740,00 \u20ac<\/td><td>490,00 \u20ac<\/td><\/tr><tr><td><strong>vanhempien osuus \/ den m\u00e5natliga avgiften som familjen betalar<\/strong><\/td><td><strong>320,00 \u20ac &nbsp; &nbsp; <\/strong>&nbsp; &nbsp; &nbsp; &nbsp; &nbsp; &nbsp;<\/td><td><strong>320,00 \u20ac<\/strong><\/td><\/tr><\/tbody><tfoot><tr><td><strong>Yhteens\u00e4 \/ samt<\/strong><\/td><td><strong>1&nbsp;252,28 \u20ac<\/strong><\/td><td><strong>1&nbsp;002,28 \u20ac<\/strong><\/td><\/tr><\/tfoot><\/table><\/figure>\n\n\n\n<h3 class=\"wp-block-heading\">Espoo \/ Esbo<\/h3>\n\n\n\n<figure class=\"wp-block-table is-style-stripes\"><table><thead><tr><th>Espoo \/ Esbo<\/th><th>Alle 3-vuotiaat \/ under 3 \u00e5r<\/th><th>3-6-vuotiaat \/ \u00e5ldrarna 3-6 \u00e5r<\/th><\/tr><\/thead><tbody><tr><td>Kelan tuki \/ FPA st\u00f6d<\/td><td>192,28 \u20ac<\/td><td>192,28 \u20ac<\/td><\/tr><tr><td>kuntalis\u00e4 \/ kommuntill\u00e4gget<\/td><td>793,00 \u20ac &nbsp;&nbsp;&nbsp;&nbsp;&nbsp;&nbsp;&nbsp;&nbsp;&nbsp;&nbsp;&nbsp;&nbsp;&nbsp;&nbsp;&nbsp;&nbsp;<\/td><td>524,00 \u20ac<\/td><\/tr><tr><td><strong>vanhempien osuus \/ den m\u00e5natliga avgiften som familjen betalar<\/strong><\/td><td><strong>320,00 \u20ac &nbsp; &nbsp; <\/strong>&nbsp; &nbsp; &nbsp; &nbsp; &nbsp; &nbsp;<\/td><td><strong>320,00 \u20ac<\/strong><\/td><\/tr><\/tbody><tfoot><tr><td><strong>Yhteens\u00e4 \/ samt<\/strong><\/td><td><strong>1&nbsp;305,28 \u20ac<\/strong><\/td><td><strong>1&nbsp;036,28\u20ac<\/strong><\/td><\/tr><\/tfoot><\/table><\/figure>\n\n\n\n<hr class=\"wp-block-separator has-alpha-channel-opacity\"\/>\n\n\n\n<h2 class=\"wp-block-heading\">Huomioi \/ notera<\/h2>\n\n\n\n<div class=\"wp-block-columns is-layout-flex wp-container-core-columns-is-layout-1 wp-block-columns-is-layout-flex\">\n<div class=\"wp-block-column is-layout-flow wp-block-column-is-layout-flow\">\n<ul>\n<li>Espoossa ja Kauniaisissa sisaruslis\u00e4\u00e4 maksetaan perheille, joilla on v\u00e4hint\u00e4\u00e4n kaksi lasta yksityisen&nbsp;&nbsp;varhaiskasvatuksen piiriss\u00e4.<\/li>\n\n\n\n<li>Espoon kaupungin p\u00e4\u00e4t\u00f6s tarjota maksutonta 20 tunnin varhaiskasvatusta viisivuotiaille lapsille koskee my\u00f6s Ekebon p\u00e4iv\u00e4kodissa olevia espoolaislapsia. Vanhempien maksuosuus on siten 40 % pienempi.<\/li>\n\n\n\n<li>Vanhemmilla on on lis\u00e4ksi mahdollista saada tulosidonnaista hoitolis\u00e4\u00e4.<\/li>\n<\/ul>\n<\/div>\n\n\n\n<div class=\"wp-block-column is-layout-flow wp-block-column-is-layout-flow\">\n<ul>\n<li>B\u00e5de Esbo och Grankulla betalar ut syskontill\u00e4gg till familjer som har \u00e5tminstone tv\u00e5 barn i privat dagv\u00e5rd.<\/li>\n\n\n\n<li>Esbo stad erbjuder avgiftsfri dagv\u00e5rd 20 timmar i veckan till fem\u00e5ringar och detta ber\u00f6r \u00e4ven Esbobarn som g\u00e5r i Ekebo. D\u00e5 \u00e4r f\u00f6r\u00e4ldrarnas andel av avgiften 40% mindre.<\/li>\n\n\n\n<li>F\u00f6r\u00e4ldrarna kan \u00e4ven vara ber\u00e4ttigade till v\u00e5rdtill\u00e4gg beroende p\u00e5 inkomster.<\/li>\n<\/ul>\n<\/div>\n<\/div>\n","protected":false},"excerpt":{"rendered":"<p>Ekebo dagis HOITOMAKSUT &#8211; DAGV\u00c5RDSAVGIFTER &nbsp; Varhaiskasvatus yli 30 tuntia viikossa \/ sm\u00e5barnspedagogik \u00f6ver 30 timmar i veckan Kauniainen \/ Grankulla Kauniainen \/ Grankulla Alle 3-vuotiaat \/ under 3 \u00e5r 3-6-vuotiaat \/ \u00e5ldrarna 3-6 \u00e5r Kelan tuki \/ FPA st\u00f6d 192,28 \u20ac 192,28 \u20ac kuntalis\u00e4 \/ kommuntill\u00e4gget 740,00 \u20ac 490,00 \u20ac vanhempien osuus \/ den&hellip; <\/p>\n<p class=\"toivo-read-more\"><a href=\"https:\/\/ekebodagis.fi\/?page_id=119\" class=\"more-link\">Read more <span class=\"screen-reader-text\">Dagv\u00e5rdsavgifter | Hoitomaksut<\/span><\/a><\/p>\n","protected":false},"author":1,"featured_media":0,"parent":0,"menu_order":0,"comment_status":"closed","ping_status":"closed","template":"","meta":{"footnotes":""},"yoast_head":"<!-- This site is optimized with the Yoast SEO plugin v24.5 - https:\/\/yoast.com\/wordpress\/plugins\/seo\/ -->\n<title>Dagv\u00e5rdsavgifter | Hoitomaksut - Ekebo<\/title>\n<meta name=\"description\" content=\"Kela ja perheen kotikunta tukee perhett\u00e4 Ekebon hoitomaksujen kanssa. T\u00e4lt\u00e4 sivulta k\u00e4y ilmi Kelan ja kunnan tuki sek\u00e4 perheen maksettavaksi j\u00e4\u00e4v\u00e4 osuus.\" \/>\n<meta name=\"robots\" content=\"index, follow, max-snippet:-1, max-image-preview:large, max-video-preview:-1\" \/>\n<link rel=\"canonical\" href=\"https:\/\/ekebodagis.fi\/?page_id=119\" \/>\n<meta property=\"og:locale\" content=\"en_US\" \/>\n<meta property=\"og:type\" content=\"article\" \/>\n<meta property=\"og:title\" content=\"Dagv\u00e5rdsavgifter | Hoitomaksut - Ekebo\" \/>\n<meta property=\"og:description\" content=\"Kela ja perheen kotikunta tukee perhett\u00e4 Ekebon hoitomaksujen kanssa. T\u00e4lt\u00e4 sivulta k\u00e4y ilmi Kelan ja kunnan tuki sek\u00e4 perheen maksettavaksi j\u00e4\u00e4v\u00e4 osuus.\" \/>\n<meta property=\"og:url\" content=\"https:\/\/ekebodagis.fi\/?page_id=119\" \/>\n<meta property=\"og:site_name\" content=\"Ekebo\" \/>\n<meta property=\"article:publisher\" content=\"https:\/\/www.facebook.com\/ekebodagis\/\" \/>\n<meta property=\"article:modified_time\" content=\"2025-09-22T17:26:05+00:00\" \/>\n<meta name=\"twitter:card\" content=\"summary_large_image\" \/>\n<meta name=\"twitter:label1\" content=\"Est. reading time\" \/>\n\t<meta name=\"twitter:data1\" content=\"1 minute\" \/>\n<script type=\"application\/ld+json\" class=\"yoast-schema-graph\">{\"@context\":\"https:\/\/schema.org\",\"@graph\":[{\"@type\":\"WebPage\",\"@id\":\"https:\/\/ekebodagis.fi\/?page_id=119\",\"url\":\"https:\/\/ekebodagis.fi\/?page_id=119\",\"name\":\"Dagv\u00e5rdsavgifter | Hoitomaksut - Ekebo\",\"isPartOf\":{\"@id\":\"https:\/\/ekebodagis.fi\/#website\"},\"datePublished\":\"2018-04-27T11:46:46+00:00\",\"dateModified\":\"2025-09-22T17:26:05+00:00\",\"description\":\"Kela ja perheen kotikunta tukee perhett\u00e4 Ekebon hoitomaksujen kanssa. T\u00e4lt\u00e4 sivulta k\u00e4y ilmi Kelan ja kunnan tuki sek\u00e4 perheen maksettavaksi j\u00e4\u00e4v\u00e4 osuus.\",\"breadcrumb\":{\"@id\":\"https:\/\/ekebodagis.fi\/?page_id=119#breadcrumb\"},\"inLanguage\":\"en-US\",\"potentialAction\":[{\"@type\":\"ReadAction\",\"target\":[\"https:\/\/ekebodagis.fi\/?page_id=119\"]}]},{\"@type\":\"BreadcrumbList\",\"@id\":\"https:\/\/ekebodagis.fi\/?page_id=119#breadcrumb\",\"itemListElement\":[{\"@type\":\"ListItem\",\"position\":1,\"name\":\"Etusivu\",\"item\":\"https:\/\/ekebodagis.fi\/\"},{\"@type\":\"ListItem\",\"position\":2,\"name\":\"Dagv\u00e5rdsavgifter | Hoitomaksut\"}]},{\"@type\":\"WebSite\",\"@id\":\"https:\/\/ekebodagis.fi\/#website\",\"url\":\"https:\/\/ekebodagis.fi\/\",\"name\":\"Ekebo\",\"description\":\"I ur &amp; skur - Luonnossa kotonaan\",\"potentialAction\":[{\"@type\":\"SearchAction\",\"target\":{\"@type\":\"EntryPoint\",\"urlTemplate\":\"https:\/\/ekebodagis.fi\/?s={search_term_string}\"},\"query-input\":{\"@type\":\"PropertyValueSpecification\",\"valueRequired\":true,\"valueName\":\"search_term_string\"}}],\"inLanguage\":\"en-US\"}]}<\/script>\n<!-- \/ Yoast SEO plugin. -->","yoast_head_json":{"title":"Dagv\u00e5rdsavgifter | Hoitomaksut - Ekebo","description":"Kela ja perheen kotikunta tukee perhett\u00e4 Ekebon hoitomaksujen kanssa. T\u00e4lt\u00e4 sivulta k\u00e4y ilmi Kelan ja kunnan tuki sek\u00e4 perheen maksettavaksi j\u00e4\u00e4v\u00e4 osuus.","robots":{"index":"index","follow":"follow","max-snippet":"max-snippet:-1","max-image-preview":"max-image-preview:large","max-video-preview":"max-video-preview:-1"},"canonical":"https:\/\/ekebodagis.fi\/?page_id=119","og_locale":"en_US","og_type":"article","og_title":"Dagv\u00e5rdsavgifter | Hoitomaksut - Ekebo","og_description":"Kela ja perheen kotikunta tukee perhett\u00e4 Ekebon hoitomaksujen kanssa. T\u00e4lt\u00e4 sivulta k\u00e4y ilmi Kelan ja kunnan tuki sek\u00e4 perheen maksettavaksi j\u00e4\u00e4v\u00e4 osuus.","og_url":"https:\/\/ekebodagis.fi\/?page_id=119","og_site_name":"Ekebo","article_publisher":"https:\/\/www.facebook.com\/ekebodagis\/","article_modified_time":"2025-09-22T17:26:05+00:00","twitter_card":"summary_large_image","twitter_misc":{"Est. reading time":"1 minute"},"schema":{"@context":"https:\/\/schema.org","@graph":[{"@type":"WebPage","@id":"https:\/\/ekebodagis.fi\/?page_id=119","url":"https:\/\/ekebodagis.fi\/?page_id=119","name":"Dagv\u00e5rdsavgifter | Hoitomaksut - Ekebo","isPartOf":{"@id":"https:\/\/ekebodagis.fi\/#website"},"datePublished":"2018-04-27T11:46:46+00:00","dateModified":"2025-09-22T17:26:05+00:00","description":"Kela ja perheen kotikunta tukee perhett\u00e4 Ekebon hoitomaksujen kanssa. T\u00e4lt\u00e4 sivulta k\u00e4y ilmi Kelan ja kunnan tuki sek\u00e4 perheen maksettavaksi j\u00e4\u00e4v\u00e4 osuus.","breadcrumb":{"@id":"https:\/\/ekebodagis.fi\/?page_id=119#breadcrumb"},"inLanguage":"en-US","potentialAction":[{"@type":"ReadAction","target":["https:\/\/ekebodagis.fi\/?page_id=119"]}]},{"@type":"BreadcrumbList","@id":"https:\/\/ekebodagis.fi\/?page_id=119#breadcrumb","itemListElement":[{"@type":"ListItem","position":1,"name":"Etusivu","item":"https:\/\/ekebodagis.fi\/"},{"@type":"ListItem","position":2,"name":"Dagv\u00e5rdsavgifter | Hoitomaksut"}]},{"@type":"WebSite","@id":"https:\/\/ekebodagis.fi\/#website","url":"https:\/\/ekebodagis.fi\/","name":"Ekebo","description":"I ur &amp; skur - Luonnossa kotonaan","potentialAction":[{"@type":"SearchAction","target":{"@type":"EntryPoint","urlTemplate":"https:\/\/ekebodagis.fi\/?s={search_term_string}"},"query-input":{"@type":"PropertyValueSpecification","valueRequired":true,"valueName":"search_term_string"}}],"inLanguage":"en-US"}]}},"_links":{"self":[{"href":"https:\/\/ekebodagis.fi\/index.php?rest_route=\/wp\/v2\/pages\/119"}],"collection":[{"href":"https:\/\/ekebodagis.fi\/index.php?rest_route=\/wp\/v2\/pages"}],"about":[{"href":"https:\/\/ekebodagis.fi\/index.php?rest_route=\/wp\/v2\/types\/page"}],"author":[{"embeddable":true,"href":"https:\/\/ekebodagis.fi\/index.php?rest_route=\/wp\/v2\/users\/1"}],"replies":[{"embeddable":true,"href":"https:\/\/ekebodagis.fi\/index.php?rest_route=%2Fwp%2Fv2%2Fcomments&post=119"}],"version-history":[{"count":29,"href":"https:\/\/ekebodagis.fi\/index.php?rest_route=\/wp\/v2\/pages\/119\/revisions"}],"predecessor-version":[{"id":312,"href":"https:\/\/ekebodagis.fi\/index.php?rest_route=\/wp\/v2\/pages\/119\/revisions\/312"}],"wp:attachment":[{"href":"https:\/\/ekebodagis.fi\/index.php?rest_route=%2Fwp%2Fv2%2Fmedia&parent=119"}],"curies":[{"name":"wp","href":"https:\/\/api.w.org\/{rel}","templated":true}]}}