{"id":24,"date":"2017-03-15T11:00:37","date_gmt":"2017-03-15T11:00:37","guid":{"rendered":"http:\/\/ekebodagis.fi\/?page_id=24"},"modified":"2024-09-22T20:55:49","modified_gmt":"2024-09-22T18:55:49","slug":"hem","status":"publish","type":"page","link":"https:\/\/ekebodagis.fi\/","title":{"rendered":"Daghem i Grankulla | P\u00e4iv\u00e4koti Kauniaisissa"},"content":{"rendered":"<h3>V\u00e4lkommen till Ekebo!<\/h3>\n<p>Ekebo \u00e4r ett f\u00f6r\u00e4ldrakollektiv som driver I ur &amp; skur-verksamhet f\u00f6r barn, i form av gruppfamiljedagv\u00e5rd f\u00f6r 0-6-\u00e5riga barn.<\/p>\n<p><strong>Fr\u00e5ga om lediga platser!<\/strong><\/p>\n<p>Kontaktuppgifter:<\/p>\n<p>Stationsv\u00e4gen 20<br \/>\n02700 Grankulla<br \/>\n+358 50 3628137<br \/>\ndagis@ekebodagis.fi<\/p>\n<p>Vi tar emot ans\u00f6kningar fortl\u00f6pande. Fyll i <a href=\"https:\/\/docs.google.com\/forms\/d\/e\/1FAIpQLSe6TR3Ilj4x9vArfxAL8Ycm9AYGIVZiINgwMDLL8VnamWvtJw\/viewform?usp=sf_link\">ans\u00f6kningsblanketten h\u00e4r<\/a>.<\/p>\n<h3>Tervetuloa Ekebohon!<\/h3>\n<p>Ekebo on vanhempainyhdistys, joka j\u00e4rjest\u00e4\u00e4 ryhm\u00e4perhep\u00e4iv\u00e4hoitoa 0-6-vuotiaille lapsille.<\/p>\n<p><strong>Tiedustele vapaita paikkoja!<\/strong><\/p>\n<p>Yhteystiedot<\/p>\n<p>Asematie 20<br \/>\n02700 Kauniainen<br \/>\n+358 50 3628137<br \/>\ndagis@ekebodagis.fi<\/p>\n<p>Otamme vastaan hakemuksia ymp\u00e4ri vuoden. T\u00e4yt\u00e4 <a href=\"https:\/\/docs.google.com\/forms\/d\/e\/1FAIpQLSe6TR3Ilj4x9vArfxAL8Ycm9AYGIVZiINgwMDLL8VnamWvtJw\/viewform?usp=sf_link\">lomake t\u00e4\u00e4ll\u00e4<\/a>.<\/p>\n<p><img loading=\"lazy\" decoding=\"async\" class=\"alignright size-thumbnail wp-image-216\" src=\"http:\/\/ekebodagis.fi\/wp-content\/uploads\/2023\/12\/bmr-logo-150x150.png\" alt=\"\" width=\"150\" height=\"150\" srcset=\"https:\/\/ekebodagis.fi\/wp-content\/uploads\/2023\/12\/bmr-logo-150x150.png 150w, https:\/\/ekebodagis.fi\/wp-content\/uploads\/2023\/12\/bmr-logo-300x300.png 300w, https:\/\/ekebodagis.fi\/wp-content\/uploads\/2023\/12\/bmr-logo-140x140.png 140w, https:\/\/ekebodagis.fi\/wp-content\/uploads\/2023\/12\/bmr-logo.png 444w\" sizes=\"(max-width: 150px) 100vw, 150px\" \/><\/p>\n","protected":false},"excerpt":{"rendered":"<p>V\u00e4lkommen till Ekebo! Ekebo \u00e4r ett f\u00f6r\u00e4ldrakollektiv som driver I ur &amp; skur-verksamhet f\u00f6r barn, i form av gruppfamiljedagv\u00e5rd f\u00f6r 0-6-\u00e5riga barn. Fr\u00e5ga om lediga platser! Kontaktuppgifter: Stationsv\u00e4gen 20 02700 Grankulla +358 50 3628137 dagis@ekebodagis.fi Vi tar emot ans\u00f6kningar fortl\u00f6pande. Fyll i ans\u00f6kningsblanketten h\u00e4r. Tervetuloa Ekebohon! Ekebo on vanhempainyhdistys, joka j\u00e4rjest\u00e4\u00e4 ryhm\u00e4perhep\u00e4iv\u00e4hoitoa 0-6-vuotiaille lapsille. Tiedustele&hellip; <\/p>\n<p class=\"toivo-read-more\"><a href=\"https:\/\/ekebodagis.fi\/\" class=\"more-link\">Read more <span class=\"screen-reader-text\">Daghem i Grankulla | P\u00e4iv\u00e4koti Kauniaisissa<\/span><\/a><\/p>\n","protected":false},"author":1,"featured_media":0,"parent":0,"menu_order":0,"comment_status":"closed","ping_status":"closed","template":"","meta":{"footnotes":""},"yoast_head":"<!-- This site is optimized with the Yoast SEO plugin v24.5 - https:\/\/yoast.com\/wordpress\/plugins\/seo\/ -->\n<title>Daghem i Grankulla | P\u00e4iv\u00e4koti Kauniaisissa - Ekebo<\/title>\n<meta name=\"description\" content=\"Vapaita paikkoja vuodelle 2024! Ekebo on perhep\u00e4iv\u00e4hoito Kauniaisissa, jota py\u00f6ritt\u00e4\u00e4 vanhempienyhdistys.\" \/>\n<meta name=\"robots\" content=\"index, follow, max-snippet:-1, max-image-preview:large, max-video-preview:-1\" \/>\n<link rel=\"canonical\" href=\"https:\/\/ekebodagis.fi\/\" \/>\n<meta property=\"og:locale\" content=\"en_US\" \/>\n<meta property=\"og:type\" content=\"article\" \/>\n<meta property=\"og:title\" content=\"Daghem i Grankulla | P\u00e4iv\u00e4koti Kauniaisissa - Ekebo\" \/>\n<meta property=\"og:description\" content=\"Vapaita paikkoja vuodelle 2024! Ekebo on perhep\u00e4iv\u00e4hoito Kauniaisissa, jota py\u00f6ritt\u00e4\u00e4 vanhempienyhdistys.\" \/>\n<meta property=\"og:url\" content=\"https:\/\/ekebodagis.fi\/\" \/>\n<meta property=\"og:site_name\" content=\"Ekebo\" \/>\n<meta property=\"article:publisher\" content=\"https:\/\/www.facebook.com\/ekebodagis\/\" \/>\n<meta property=\"article:modified_time\" content=\"2024-09-22T18:55:49+00:00\" \/>\n<meta property=\"og:image\" content=\"http:\/\/ekebodagis.fi\/wp-content\/uploads\/2023\/12\/bmr-logo-150x150.png\" \/>\n<meta name=\"twitter:card\" content=\"summary_large_image\" \/>\n<meta name=\"twitter:label1\" content=\"Est. reading time\" \/>\n\t<meta name=\"twitter:data1\" content=\"1 minute\" \/>\n<script type=\"application\/ld+json\" class=\"yoast-schema-graph\">{\"@context\":\"https:\/\/schema.org\",\"@graph\":[{\"@type\":\"WebPage\",\"@id\":\"https:\/\/ekebodagis.fi\/\",\"url\":\"https:\/\/ekebodagis.fi\/\",\"name\":\"Daghem i Grankulla | P\u00e4iv\u00e4koti Kauniaisissa - Ekebo\",\"isPartOf\":{\"@id\":\"https:\/\/ekebodagis.fi\/#website\"},\"primaryImageOfPage\":{\"@id\":\"https:\/\/ekebodagis.fi\/#primaryimage\"},\"image\":{\"@id\":\"https:\/\/ekebodagis.fi\/#primaryimage\"},\"thumbnailUrl\":\"http:\/\/ekebodagis.fi\/wp-content\/uploads\/2023\/12\/bmr-logo-150x150.png\",\"datePublished\":\"2017-03-15T11:00:37+00:00\",\"dateModified\":\"2024-09-22T18:55:49+00:00\",\"description\":\"Vapaita paikkoja vuodelle 2024! Ekebo on perhep\u00e4iv\u00e4hoito Kauniaisissa, jota py\u00f6ritt\u00e4\u00e4 vanhempienyhdistys.\",\"breadcrumb\":{\"@id\":\"https:\/\/ekebodagis.fi\/#breadcrumb\"},\"inLanguage\":\"en-US\",\"potentialAction\":[{\"@type\":\"ReadAction\",\"target\":[\"https:\/\/ekebodagis.fi\/\"]}]},{\"@type\":\"ImageObject\",\"inLanguage\":\"en-US\",\"@id\":\"https:\/\/ekebodagis.fi\/#primaryimage\",\"url\":\"https:\/\/ekebodagis.fi\/wp-content\/uploads\/2023\/12\/bmr-logo.png\",\"contentUrl\":\"https:\/\/ekebodagis.fi\/wp-content\/uploads\/2023\/12\/bmr-logo.png\",\"width\":444,\"height\":443},{\"@type\":\"BreadcrumbList\",\"@id\":\"https:\/\/ekebodagis.fi\/#breadcrumb\",\"itemListElement\":[{\"@type\":\"ListItem\",\"position\":1,\"name\":\"Etusivu\",\"item\":\"https:\/\/ekebodagis.fi\/\"},{\"@type\":\"ListItem\",\"position\":2,\"name\":\"Daghem i Grankulla | P\u00e4iv\u00e4koti Kauniaisissa\"}]},{\"@type\":\"WebSite\",\"@id\":\"https:\/\/ekebodagis.fi\/#website\",\"url\":\"https:\/\/ekebodagis.fi\/\",\"name\":\"Ekebo\",\"description\":\"I ur &amp; skur - Luonnossa kotonaan\",\"potentialAction\":[{\"@type\":\"SearchAction\",\"target\":{\"@type\":\"EntryPoint\",\"urlTemplate\":\"https:\/\/ekebodagis.fi\/?s={search_term_string}\"},\"query-input\":{\"@type\":\"PropertyValueSpecification\",\"valueRequired\":true,\"valueName\":\"search_term_string\"}}],\"inLanguage\":\"en-US\"}]}<\/script>\n<!-- \/ Yoast SEO plugin. -->","yoast_head_json":{"title":"Daghem i Grankulla | P\u00e4iv\u00e4koti Kauniaisissa - Ekebo","description":"Vapaita paikkoja vuodelle 2024! Ekebo on perhep\u00e4iv\u00e4hoito Kauniaisissa, jota py\u00f6ritt\u00e4\u00e4 vanhempienyhdistys.","robots":{"index":"index","follow":"follow","max-snippet":"max-snippet:-1","max-image-preview":"max-image-preview:large","max-video-preview":"max-video-preview:-1"},"canonical":"https:\/\/ekebodagis.fi\/","og_locale":"en_US","og_type":"article","og_title":"Daghem i Grankulla | P\u00e4iv\u00e4koti Kauniaisissa - Ekebo","og_description":"Vapaita paikkoja vuodelle 2024! Ekebo on perhep\u00e4iv\u00e4hoito Kauniaisissa, jota py\u00f6ritt\u00e4\u00e4 vanhempienyhdistys.","og_url":"https:\/\/ekebodagis.fi\/","og_site_name":"Ekebo","article_publisher":"https:\/\/www.facebook.com\/ekebodagis\/","article_modified_time":"2024-09-22T18:55:49+00:00","og_image":[{"url":"http:\/\/ekebodagis.fi\/wp-content\/uploads\/2023\/12\/bmr-logo-150x150.png","type":"","width":"","height":""}],"twitter_card":"summary_large_image","twitter_misc":{"Est. reading time":"1 minute"},"schema":{"@context":"https:\/\/schema.org","@graph":[{"@type":"WebPage","@id":"https:\/\/ekebodagis.fi\/","url":"https:\/\/ekebodagis.fi\/","name":"Daghem i Grankulla | P\u00e4iv\u00e4koti Kauniaisissa - Ekebo","isPartOf":{"@id":"https:\/\/ekebodagis.fi\/#website"},"primaryImageOfPage":{"@id":"https:\/\/ekebodagis.fi\/#primaryimage"},"image":{"@id":"https:\/\/ekebodagis.fi\/#primaryimage"},"thumbnailUrl":"http:\/\/ekebodagis.fi\/wp-content\/uploads\/2023\/12\/bmr-logo-150x150.png","datePublished":"2017-03-15T11:00:37+00:00","dateModified":"2024-09-22T18:55:49+00:00","description":"Vapaita paikkoja vuodelle 2024! Ekebo on perhep\u00e4iv\u00e4hoito Kauniaisissa, jota py\u00f6ritt\u00e4\u00e4 vanhempienyhdistys.","breadcrumb":{"@id":"https:\/\/ekebodagis.fi\/#breadcrumb"},"inLanguage":"en-US","potentialAction":[{"@type":"ReadAction","target":["https:\/\/ekebodagis.fi\/"]}]},{"@type":"ImageObject","inLanguage":"en-US","@id":"https:\/\/ekebodagis.fi\/#primaryimage","url":"https:\/\/ekebodagis.fi\/wp-content\/uploads\/2023\/12\/bmr-logo.png","contentUrl":"https:\/\/ekebodagis.fi\/wp-content\/uploads\/2023\/12\/bmr-logo.png","width":444,"height":443},{"@type":"BreadcrumbList","@id":"https:\/\/ekebodagis.fi\/#breadcrumb","itemListElement":[{"@type":"ListItem","position":1,"name":"Etusivu","item":"https:\/\/ekebodagis.fi\/"},{"@type":"ListItem","position":2,"name":"Daghem i Grankulla | P\u00e4iv\u00e4koti Kauniaisissa"}]},{"@type":"WebSite","@id":"https:\/\/ekebodagis.fi\/#website","url":"https:\/\/ekebodagis.fi\/","name":"Ekebo","description":"I ur &amp; skur - Luonnossa kotonaan","potentialAction":[{"@type":"SearchAction","target":{"@type":"EntryPoint","urlTemplate":"https:\/\/ekebodagis.fi\/?s={search_term_string}"},"query-input":{"@type":"PropertyValueSpecification","valueRequired":true,"valueName":"search_term_string"}}],"inLanguage":"en-US"}]}},"_links":{"self":[{"href":"https:\/\/ekebodagis.fi\/index.php?rest_route=\/wp\/v2\/pages\/24"}],"collection":[{"href":"https:\/\/ekebodagis.fi\/index.php?rest_route=\/wp\/v2\/pages"}],"about":[{"href":"https:\/\/ekebodagis.fi\/index.php?rest_route=\/wp\/v2\/types\/page"}],"author":[{"embeddable":true,"href":"https:\/\/ekebodagis.fi\/index.php?rest_route=\/wp\/v2\/users\/1"}],"replies":[{"embeddable":true,"href":"https:\/\/ekebodagis.fi\/index.php?rest_route=%2Fwp%2Fv2%2Fcomments&post=24"}],"version-history":[{"count":27,"href":"https:\/\/ekebodagis.fi\/index.php?rest_route=\/wp\/v2\/pages\/24\/revisions"}],"predecessor-version":[{"id":279,"href":"https:\/\/ekebodagis.fi\/index.php?rest_route=\/wp\/v2\/pages\/24\/revisions\/279"}],"wp:attachment":[{"href":"https:\/\/ekebodagis.fi\/index.php?rest_route=%2Fwp%2Fv2%2Fmedia&parent=24"}],"curies":[{"name":"wp","href":"https:\/\/api.w.org\/{rel}","templated":true}]}}